{"id":6174,"date":"2022-02-10T14:02:12","date_gmt":"2022-02-10T14:02:12","guid":{"rendered":"https:\/\/www.rob-minigolf-solutions.nl\/allgemeine-geschaeftsbedingungen\/"},"modified":"2026-01-22T11:37:24","modified_gmt":"2026-01-22T11:37:24","slug":"allgemeine-geschaeftsbedingungen","status":"publish","type":"page","link":"https:\/\/www.rob-minigolf-solutions.nl\/de\/allgemeine-geschaeftsbedingungen\/","title":{"rendered":"Allgemeine Gesch\u00e4ftsbedingungen"},"content":{"rendered":"\t\t<div data-elementor-type=\"wp-page\" data-elementor-id=\"6174\" class=\"elementor elementor-6174 elementor-1673\" data-elementor-post-type=\"page\">\n\t\t\t\t\t\t<section class=\"elementor-section elementor-top-section elementor-element elementor-element-a1d5ea7 elementor-section-boxed elementor-section-height-default elementor-section-height-default\" data-id=\"a1d5ea7\" data-element_type=\"section\" data-settings=\"{&quot;jet_parallax_layout_list&quot;:[]}\">\n\t\t\t\t\t\t<div class=\"elementor-container elementor-column-gap-default\">\n\t\t\t\t\t<div class=\"elementor-column elementor-col-100 elementor-top-column elementor-element elementor-element-946a97a\" data-id=\"946a97a\" data-element_type=\"column\">\n\t\t\t<div class=\"elementor-widget-wrap elementor-element-populated\">\n\t\t\t\t\t\t<section class=\"elementor-section elementor-inner-section elementor-element elementor-element-560d430 elementor-section-boxed elementor-section-height-default elementor-section-height-default\" data-id=\"560d430\" data-element_type=\"section\" data-settings=\"{&quot;jet_parallax_layout_list&quot;:[]}\">\n\t\t\t\t\t\t<div class=\"elementor-container elementor-column-gap-default\">\n\t\t\t\t\t<div class=\"elementor-column elementor-col-50 elementor-inner-column elementor-element elementor-element-a876b60\" data-id=\"a876b60\" data-element_type=\"column\" data-settings=\"{&quot;background_background&quot;:&quot;classic&quot;}\">\n\t\t\t<div class=\"elementor-widget-wrap elementor-element-populated\">\n\t\t\t\t\t<div class=\"elementor-background-overlay\"><\/div>\n\t\t\t\t\t\t\t<\/div>\n\t\t<\/div>\n\t\t\t\t<div class=\"elementor-column elementor-col-50 elementor-inner-column elementor-element elementor-element-688c8c2\" data-id=\"688c8c2\" data-element_type=\"column\">\n\t\t\t<div class=\"elementor-widget-wrap elementor-element-populated\">\n\t\t\t\t\t\t<div class=\"elementor-element elementor-element-27bd62e elementor-widget elementor-widget-text-editor\" data-id=\"27bd62e\" data-element_type=\"widget\" data-widget_type=\"text-editor.default\">\n\t\t\t\t<div class=\"elementor-widget-container\">\n\t\t\t\t\t\t\t\t\t<p>R.O.B. Experience Leisure B.V.<br>Steenstraat 153<br>5521 KS Eersel<br>Handelsregisternummer 99225131<br>Umsatzsteuer-Identifikationsnummer 868879150<br>info@rob-experience-leisure.nl<\/p>\t\t\t\t\t\t\t\t<\/div>\n\t\t\t\t<\/div>\n\t\t\t\t\t<\/div>\n\t\t<\/div>\n\t\t\t\t\t<\/div>\n\t\t<\/section>\n\t\t\t\t<div class=\"elementor-element elementor-element-da3d722 elementor-widget-divider--view-line elementor-widget elementor-widget-divider\" data-id=\"da3d722\" data-element_type=\"widget\" data-widget_type=\"divider.default\">\n\t\t\t\t<div class=\"elementor-widget-container\">\n\t\t\t\t\t\t\t<div class=\"elementor-divider\">\n\t\t\t<span class=\"elementor-divider-separator\">\n\t\t\t\t\t\t<\/span>\n\t\t<\/div>\n\t\t\t\t\t\t<\/div>\n\t\t\t\t<\/div>\n\t\t\t\t\t<\/div>\n\t\t<\/div>\n\t\t\t\t\t<\/div>\n\t\t<\/section>\n\t\t\t\t<section class=\"elementor-section elementor-top-section elementor-element elementor-element-6a4f650 elementor-section-boxed elementor-section-height-default elementor-section-height-default\" data-id=\"6a4f650\" data-element_type=\"section\" data-settings=\"{&quot;jet_parallax_layout_list&quot;:[]}\">\n\t\t\t\t\t\t<div class=\"elementor-container elementor-column-gap-default\">\n\t\t\t\t\t<div class=\"elementor-column elementor-col-100 elementor-top-column elementor-element elementor-element-9f0add4\" data-id=\"9f0add4\" data-element_type=\"column\">\n\t\t\t<div class=\"elementor-widget-wrap elementor-element-populated\">\n\t\t\t\t\t\t<div class=\"elementor-element elementor-element-cc210e2 elementor-widget elementor-widget-text-editor\" data-id=\"cc210e2\" data-element_type=\"widget\" data-widget_type=\"text-editor.default\">\n\t\t\t\t<div class=\"elementor-widget-container\">\n\t\t\t\t\t\t\t\t\t<div class=\"page\" title=\"Seite 1\"><div class=\"layoutArea\"><div class=\"column\"><h4><strong>Allgemeine Gesch\u00e4ftsbedingungen R.O.B. experience leisure <\/strong><\/h4><p><br>Artikel 1: Geltungsbereich<\/p><p>1.1 Diese Bedingungen gelten f\u00fcr alle Angebote, die R.O.B. experience leisure unterbreitet, und f\u00fcr alle Vertr\u00e4ge, die sie abschlie\u00dft.<\/p><p>1.2 R.O.B. experience leisure wird als Auftragnehmer bezeichnet. Die Gegenpartei wird als Auftraggeber bezeichnet. <\/p><p>Artikel 2: Angebote und Preise<\/p><ol><li><p>2.1 Alle unterbreiteten Angebote sind freibleibend.<\/p><\/li><li><p>2.2 Lehnt der Auftraggeber das Angebot des Auftragnehmers ab,<br>hat der Auftragnehmer das Recht, dem Auftraggeber alle Kosten in Rechnung zu stellen, die f\u00fcr die Erstellung des Angebots entstanden sind.<\/p><\/li><li><p>2.3 Die im Angebot genannten Preise verstehen sich zuz\u00fcglich 21 % Mehrwertsteuer.<\/p><\/li><li><p>2.4 Der Auftragnehmer ist berechtigt, Kostensteigerungen, die nach Vertragsabschluss eingetreten sind, an den Auftraggeber weiterzugeben.<\/p><\/li><li><p>2.5 Ein Vertrag kommt zustande, wenn der Auftragnehmer den Auftrag schriftlich oder per E-Mail best\u00e4tigt hat.<\/p><\/li><li><p>2.6 M\u00f6chte der Auftraggeber den Vertrag beenden, ohne dass ein Mangel seitens des Auftragnehmers vorliegt und der Auftragnehmer dem zustimmt, wird der Vertrag im gegenseitigen Einvernehmen beendet. Der Auftragnehmer hat in diesem Fall Anspruch auf Ersatz aller Verm\u00f6genssch\u00e4den wie erlittener Verlust, entgangener Gewinn und entstandene Kosten. <\/p><\/li><\/ol><p>Artikel 3: Lieferzeit und\/oder Ausf\u00fchrungszeitraum<\/p><ol><li><p>3.1 Vorbehaltlich unvorhergesehener Umst\u00e4nde werden die Lieferzeit und\/oder der Ausf\u00fchrungszeitraum ann\u00e4hernd festgelegt.<\/p><\/li><li><p>3.2 Bei der Festlegung der Lieferzeit und\/oder des Ausf\u00fchrungszeitraums geht der Auftragnehmer davon aus,<br>dass er den Auftrag unter den ihm zu diesem Zeitpunkt bekannten Umst\u00e4nden ausf\u00fchren kann.<\/p><\/li><li><p>3.3 Liegen andere Umst\u00e4nde vor, als dem Auftragnehmer bei der Festlegung der Lieferzeit und\/oder des Ausf\u00fchrungszeitraums bekannt waren, beh\u00e4lt sich der Auftragnehmer das Recht vor, die Lieferzeit und\/oder den Ausf\u00fchrungszeitraum um die Zeit zu verl\u00e4ngern, die er ben\u00f6tigt, um den Auftrag unter diesen Umst\u00e4nden auszuf\u00fchren. K\u00f6nnen die Arbeiten nicht in die Planung des Auftragnehmers integriert werden, so werden diese ausgef\u00fchrt, sobald seine Planung dies zul\u00e4sst. <\/p><\/li><li><p>3.4 Im Falle von Zusatzleistungen werden die Lieferzeit und\/oder der Ausf\u00fchrungszeitraum um die<br>Zeit verl\u00e4ngert, die der Auftragnehmer ben\u00f6tigt, um die eventuellen Materialien und Teile liefern zu lassen und die Zusatzleistungen zu erbringen. K\u00f6nnen diese nicht in die Planung des Auftragnehmers integriert werden, so werden die Arbeiten ausgef\u00fchrt, sobald seine Planung dies zul\u00e4sst. <\/p><\/li><li><p>3.5 Liegen Witterungsbedingungen vor, die die Arbeiten behindern und\/oder unm\u00f6glich machen, werden die Lieferzeit und\/oder der Ausf\u00fchrungszeitraum um die dadurch entstandene Verz\u00f6gerung verl\u00e4ngert.<\/p><\/li><li><p>3.6 Eine \u00dcberschreitung der Lieferzeit und\/oder des Ausf\u00fchrungszeitraums berechtigt in keinem Fall zu Schadenersatz oder zur Aufl\u00f6sung des Vertrages.<\/p><\/li><\/ol><\/div><\/div><\/div><div class=\"page\" title=\"Seite 2\"><div class=\"layoutArea\"><div class=\"column\"><p>Artikel 4: Rechte an geistigem Eigentum<\/p><\/div><\/div><div class=\"layoutArea\"><div class=\"column\"><ol><li><p>4.1 Sofern nicht schriftlich anders vereinbart, beh\u00e4lt der Auftragnehmer alle Rechte an den von ihm unterbreiteten Angeboten, zur Verf\u00fcgung gestellten Entw\u00fcrfen, Abbildungen, Zeichnungen, Modellen und dergleichen.<\/p><\/li><li><p>4.2 Die Rechte an den in Absatz 1 dieses Artikels genannten Daten bleiben Eigentum des Auftragnehmers. Diese Daten d\u00fcrfen ohne vorherige schriftliche Zustimmung des Auftragnehmers nicht kopiert, verwendet oder Dritten zug\u00e4nglich gemacht werden. <\/p><\/li><li><p>4.3 Verletzt der Auftraggeber die Rechte an den in den Abs\u00e4tzen 1 und 2 dieses Artikels genannten Daten, schuldet der Auftraggeber dem Auftragnehmer pro Versto\u00df eine sofort f\u00e4llige Vertragsstrafe von 2.500,- \u20ac. Diese Vertragsstrafe kann zus\u00e4tzlich zu einem gesetzlichen Schadenersatzanspruch geltend gemacht werden. <\/p><\/li><\/ol><p>Artikel 5: H\u00f6here Gewalt<\/p><ol><li><p>5.1 Der Auftragnehmer ist berechtigt, die Erf\u00fcllung seiner Verpflichtungen auszusetzen, wenn er durch h\u00f6here Gewalt vor\u00fcbergehend an der Erf\u00fcllung seiner vertraglichen Pflichten gegen\u00fcber dem Auftraggeber gehindert ist.<\/p><\/li><li><p>5.2 Als h\u00f6here Gewalt gelten unter anderem Umst\u00e4nde, dass Lieferanten, Subunternehmer des Auftragnehmers oder vom Auftragnehmer beauftragte Transportunternehmen ihren Verpflichtungen nicht oder nicht rechtzeitig nachkommen, Wetterereignisse, Erdbeben, Brand, Stromausfall, Verlust, Diebstahl, Streiks oder Arbeitsunterbrechungen sowie Import- oder Handelsbeschr\u00e4nkungen.<\/p><\/li><li><p>5.3 Liegt h\u00f6here Gewalt vor und ist oder wird die Erf\u00fcllung dauerhaft unm\u00f6glich, sind beide Parteien berechtigt, den Vertrag mit sofortiger Wirkung zu beenden.<\/p><\/li><\/ol><p>Artikel 6: \u00c4nderungen am Werk<\/p><ol><li><p>6.1 \u00c4nderungen am Werk f\u00fchren in jedem Fall zu Mehr- oder Minderleistungen, wenn eine \u00c4nderung im Entwurf vorliegt, die vom Auftraggeber bereitgestellten Informationen nicht der Realit\u00e4t entsprechen und\/oder die gesch\u00e4tzten Mengen um mehr als 10 % abweichen.<\/p><\/li><li><p>6.2 Zusatzleistungen werden auf der Grundlage der preisbestimmenden Faktoren berechnet, die zum Zeitpunkt der Ausf\u00fchrung der Zusatzleistungen gelten.<\/p><\/li><li><p>6.3 Minderleistungen werden auf der Grundlage der preisbestimmenden Faktoren verrechnet, die zum Zeitpunkt des Vertragsabschlusses galten.<\/p><\/li><\/ol><p>Artikel 7: Umfang der Leistung<\/p><ol><li><p>7.1 Der Auftraggeber hat sicherzustellen, dass alle Genehmigungen, Befreiungen, Klic-Meldungen und andere Bescheide, die zur Ausf\u00fchrung der Arbeiten erforderlich sind, rechtzeitig eingeholt werden. Der Auftraggeber ist verpflichtet, dem Auftragnehmer auf Verlangen eine Kopie der vorgenannten Unterlagen zuzusenden. <\/p><\/li><li><p>7.2 Sofern nicht ausdr\u00fccklich im Vertrag aufgef\u00fchrt, sind die folgenden Leistungen nicht im Preis inbegriffen: Anschluss von Gas, Elektrizit\u00e4t oder anderen infrastrukturellen Einrichtungen. Ebenso wenig die Entsorgung von Material, Baustoffen oder Abfall sowie Reise- oder Aufenthaltskosten. <\/p><\/li><\/ol><\/div><\/div><\/div><div class=\"page\" title=\"Seite 3\"><div class=\"layoutArea\"><div class=\"column\"><p>Artikel 8: Zahlung<\/p><ol><li><p>8.1 Die Zahlung erfolgt auf ein vom Auftragnehmer zu benennendes Bankkonto.<\/p><\/li><li><p>8.2 Sofern nicht anders vereinbart, erfolgt die Zahlung wie folgt:<br>\u2013 Bei Ratenzahlung: 25 % bei Auftragserteilung, 25 % bei Arbeitsbeginn, 50 % nach Fertigstellung; \u2013 In allen \u00fcbrigen F\u00e4llen innerhalb von 14 Tagen nach Rechnungsdatum.<\/p><\/li><li><p>8.3 Erfolgt die Zahlung nicht innerhalb der vereinbarten Zahlungsfrist, schuldet der Auftraggeber dem Auftragnehmer sofort Zinsen. Der Zinssatz betr\u00e4gt 12 % pro Jahr, entspricht jedoch dem gesetzlichen Zinssatz, wenn dieser h\u00f6her ist. Bei der Zinsberechnung wird ein Teil eines Monats als voller Monat angesehen.  <\/p><\/li><li><p>8.4 Unabh\u00e4ngig davon, ob der Auftragnehmer die vereinbarte Leistung vollst\u00e4ndig erbracht hat, ist alles, was der Auftraggeber dem Auftragnehmer aufgrund des Vertrages schuldet oder schulden wird, sofort f\u00e4llig, wenn:<\/p><ul><li><p>\u2013 Eine Zahlungsfrist \u00fcberschritten wurde;<\/p><\/li><li><p>\u2013 Das Insolvenzverfahren oder der Zahlungsaufschub des Auftraggebers beantragt wurde;<\/p><\/li><li><p>\u2013 Gegenst\u00e4nde oder Forderungen des Auftraggebers gepf\u00e4ndet werden;<\/p><\/li><li><p>\u2013 Der Auftraggeber (Gesellschaft) aufgel\u00f6st oder liquidiert wird;<\/p><\/li><li><p>\u2013 Der Auftraggeber die Zulassung zur gesetzlichen Schuldenregulierung beantragt;<\/p><\/li><li><p>\u2013 Der Auftraggeber unter Vormundschaft gestellt wird oder verstorben ist.<\/p><\/li><\/ul><\/li><li><p>8.5 Wird der Auftragnehmer in einem Gerichtsverfahren als Rechtspartei best\u00e4tigt, gehen alle Kosten, die ihm im Zusammenhang mit diesem Verfahren entstanden sind, zu Lasten des Auftraggebers.<\/p><\/li><\/ol><p>Artikel 9: Abnahme des Werkes<\/p><ol><li><p>9.1 Das Werk gilt als abgenommen, wenn der Auftraggeber es genehmigt hat.<\/p><\/li><li><p>9.2 Wenn das Werk vom Auftraggeber in Gebrauch genommen wurde. Nimmt der Auftraggeber einen Teil des Werkes in Gebrauch, so gilt dieser Teil als abgenommen. <\/p><\/li><li><p>9.3 Wenn der Auftragnehmer dem Auftraggeber schriftlich oder per E-Mail mitgeteilt hat, dass das Werk fertiggestellt ist und der Auftraggeber nicht innerhalb von 14 Tagen nach der Mitteilung schriftlich oder per E-Mail mitgeteilt hat, ob das Werk genehmigt wurde oder nicht.<\/p><\/li><li><p>9.4 Lehnt der Auftraggeber das Werk ab, so ist er verpflichtet, dies dem Auftragnehmer unter Angabe von Gr\u00fcnden schriftlich oder per E-Mail mitzuteilen. Der Auftraggeber muss dem Auftragnehmer die M\u00f6glichkeit geben, das Werk dennoch abzunehmen. <\/p><\/li><li><p>9.5 Der Auftraggeber stellt den Auftragnehmer von Anspr\u00fcchen Dritter wegen Sch\u00e4den an nicht abgenommenen Teilen des Werkes frei, die durch die Nutzung bereits abgenommener Teile des Werkes verursacht wurden.<\/p><\/li><\/ol><p>Artikel 10: Haftung<\/p><p>10.1 Im Falle einer zurechenbaren Pflichtverletzung ist der Auftragnehmer verpflichtet, seine vertraglichen Verpflichtungen dennoch zu erf\u00fcllen.<\/p><ol start=\"2\"><li><p>10.2 Folgesch\u00e4den sind nicht ersatzf\u00e4hig. Als Folgesch\u00e4den gelten unter anderem Stillstandsch\u00e4den, entgangener Gewinn, Transportkosten sowie Reise- und Aufenthaltskosten. <\/p><\/li><li><p>10.3 Sch\u00e4den, die durch Vorsatz oder grobe Fahrl\u00e4ssigkeit Dritter verursacht werden, sind nicht ersatzf\u00e4hig.<\/p><\/li><li><p>10.4 Der Auftragnehmer haftet nicht f\u00fcr Sch\u00e4den an Material, das vom oder im Namen des Auftraggebers geliefert wurde.<\/p><\/li><\/ol><\/div><\/div><\/div><div class=\"page\" title=\"Seite 4\"><div class=\"layoutArea\"><div class=\"column\"><p>Artikel 11: Garantie<\/p><\/div><\/div><div class=\"layoutArea\"><div class=\"column\"><p>11.1 Sofern im Vertrag nicht anders vereinbart, gew\u00e4hrt der Auftragnehmer f\u00fcr einen Zeitraum von 1 Jahr nach Abnahme eine Garantie f\u00fcr die ordnungsgem\u00e4\u00dfe Ausf\u00fchrung der vereinbarten Leistung.<\/p><ol><li><p>11.1 Die verwendeten Materialien k\u00f6nnen eine andere Garantiefrist haben anstelle der oben genannten Garantiezeit.<\/p><\/li><li><p>11.2 F\u00fcr das Material Kunstrasen gew\u00e4hren wir eine Garantie von 7 Jahren.<\/p><\/li><li><p>11.3 F\u00fcr das Material, das f\u00fcr Platzdekorationen verwendet wird, gew\u00e4hren wir eine Garantie von 1 Jahr.<\/p><\/li><li><p>11.4 F\u00fcr Materialien, die als Element auf oder um eine Minigolfanlage verwendet werden, gew\u00e4hren wir eine Garantie von 1 Jahr.<\/p><\/li><li><p>11.5 War die erbrachte Leistung mangelhaft, wird der Auftragnehmer die Arbeiten dennoch ordnungsgem\u00e4\u00df ausf\u00fchren. Der Auftragnehmer bestimmt selbst die Art und Weise sowie den Zeitpunkt der Ausf\u00fchrung dieser Arbeiten, jedoch muss dies zu einem nach vern\u00fcnftigem Ermessen festgelegten Zeitpunkt erfolgen. <\/p><\/li><li><p>11.6 Der Auftraggeber muss dem Auftragnehmer in jedem Fall die M\u00f6glichkeit geben, einen eventuellen Mangel zu beheben oder die Bearbeitung erneut ausf\u00fchren zu lassen.<\/p><\/li><li><p>11.7 Der Auftraggeber kann einen Garantieanspruch nur geltend machen, nachdem er alle seine Verpflichtungen erf\u00fcllt hat.<\/p><\/li><li><p>11.8 Es wird keine Garantie gew\u00e4hrt, wenn M\u00e4ngel die Folge sind von normalem Verschlei\u00df, unsachgem\u00e4\u00dfem Gebrauch, nicht oder falsch durchgef\u00fchrter Wartung, Vandalismus oder wenn der Auftraggeber Installations-, Montage- oder Reparaturarbeiten von Dritten hat ausf\u00fchren lassen.<\/p><\/li><\/ol><p>Artikel 12: Anwendbares Recht und Gerichtsstand<\/p><ol><li><p>12.1 Es gilt niederl\u00e4ndisches Recht.<\/p><\/li><li><p>12.2 Das Wiener Kaufrecht ist nicht anwendbar, ebenso wenig wie jede andere internationale Regelung, deren Ausschluss zul\u00e4ssig ist.<\/p><\/li><li><p>12.3 Ausschlie\u00dflich das niederl\u00e4ndische Zivilgericht, das am Sitz des Auftragnehmers zust\u00e4ndig ist, nimmt Kenntnis von Streitigkeiten, es sei denn, dies verst\u00f6\u00dft gegen zwingendes Recht. Der Auftragnehmer darf von dieser Zust\u00e4ndigkeitsregel abweichen und die gesetzlichen Zust\u00e4ndigkeitsregeln anwenden. <\/p><\/li><\/ol><\/div><\/div><\/div>\t\t\t\t\t\t\t\t<\/div>\n\t\t\t\t<\/div>\n\t\t\t\t\t<\/div>\n\t\t<\/div>\n\t\t\t\t\t<\/div>\n\t\t<\/section>\n\t\t\t\t<\/div>\n\t\t","protected":false},"excerpt":{"rendered":"<p>R.O.B. Experience Leisure B.V.Steenstraat 1535521 KS EerselHandelsregisternummer 99225131Umsatzsteuer-Identifikationsnummer 868879150info@rob-experience-leisure.nl Allgemeine Gesch\u00e4ftsbedingungen R.O.B. experience leisure Artikel 1: Geltungsbereich 1.1 Diese Bedingungen gelten f\u00fcr alle Angebote, die R.O.B. experience leisure unterbreitet, und f\u00fcr alle Vertr\u00e4ge, die sie abschlie\u00dft. 1.2 R.O.B. experience leisure wird als Auftragnehmer bezeichnet. Die Gegenpartei wird als Auftraggeber bezeichnet. Artikel 2: Angebote und Preise [&hellip;]<\/p>\n","protected":false},"author":1,"featured_media":0,"parent":0,"menu_order":0,"comment_status":"closed","ping_status":"closed","template":"","meta":{"footnotes":""},"class_list":["post-6174","page","type-page","status-publish","hentry"],"yoast_head":"<!-- This site is optimized with the Yoast SEO plugin v26.6 - https:\/\/yoast.com\/wordpress\/plugins\/seo\/ -->\n<title>Allgemeine Gesch\u00e4ftsbedingungen - ROB Minigolf Solutions<\/title>\n<meta name=\"robots\" content=\"index, follow, max-snippet:-1, max-image-preview:large, max-video-preview:-1\" \/>\n<link rel=\"canonical\" href=\"https:\/\/www.rob-minigolf-solutions.nl\/de\/allgemeine-geschaeftsbedingungen\/\" \/>\n<meta property=\"og:locale\" content=\"de_DE\" \/>\n<meta property=\"og:type\" content=\"article\" \/>\n<meta property=\"og:title\" content=\"Allgemeine Gesch\u00e4ftsbedingungen - ROB Minigolf Solutions\" \/>\n<meta property=\"og:description\" content=\"R.O.B. Experience Leisure B.V.Steenstraat 1535521 KS EerselHandelsregisternummer 99225131Umsatzsteuer-Identifikationsnummer 868879150info@rob-experience-leisure.nl Allgemeine Gesch\u00e4ftsbedingungen R.O.B. experience leisure Artikel 1: Geltungsbereich 1.1 Diese Bedingungen gelten f\u00fcr alle Angebote, die R.O.B. experience leisure unterbreitet, und f\u00fcr alle Vertr\u00e4ge, die sie abschlie\u00dft. 1.2 R.O.B. experience leisure wird als Auftragnehmer bezeichnet. Die Gegenpartei wird als Auftraggeber bezeichnet. Artikel 2: Angebote und Preise [&hellip;]\" \/>\n<meta property=\"og:url\" content=\"https:\/\/www.rob-minigolf-solutions.nl\/de\/allgemeine-geschaeftsbedingungen\/\" \/>\n<meta property=\"og:site_name\" content=\"ROB Minigolf Solutions\" \/>\n<meta property=\"article:modified_time\" content=\"2026-01-22T11:37:24+00:00\" \/>\n<meta name=\"twitter:card\" content=\"summary_large_image\" \/>\n<meta name=\"twitter:label1\" content=\"Gesch\u00e4tzte Lesezeit\" \/>\n\t<meta name=\"twitter:data1\" content=\"7\u00a0Minuten\" \/>\n<script type=\"application\/ld+json\" class=\"yoast-schema-graph\">{\"@context\":\"https:\/\/schema.org\",\"@graph\":[{\"@type\":\"WebPage\",\"@id\":\"https:\/\/www.rob-minigolf-solutions.nl\/de\/allgemeine-geschaeftsbedingungen\/\",\"url\":\"https:\/\/www.rob-minigolf-solutions.nl\/de\/allgemeine-geschaeftsbedingungen\/\",\"name\":\"Allgemeine Gesch\u00e4ftsbedingungen - ROB Minigolf Solutions\",\"isPartOf\":{\"@id\":\"https:\/\/www.rob-minigolf-solutions.nl\/de\/#website\"},\"datePublished\":\"2022-02-10T14:02:12+00:00\",\"dateModified\":\"2026-01-22T11:37:24+00:00\",\"breadcrumb\":{\"@id\":\"https:\/\/www.rob-minigolf-solutions.nl\/de\/allgemeine-geschaeftsbedingungen\/#breadcrumb\"},\"inLanguage\":\"de\",\"potentialAction\":[{\"@type\":\"ReadAction\",\"target\":[\"https:\/\/www.rob-minigolf-solutions.nl\/de\/allgemeine-geschaeftsbedingungen\/\"]}]},{\"@type\":\"BreadcrumbList\",\"@id\":\"https:\/\/www.rob-minigolf-solutions.nl\/de\/allgemeine-geschaeftsbedingungen\/#breadcrumb\",\"itemListElement\":[{\"@type\":\"ListItem\",\"position\":1,\"name\":\"Startseite\",\"item\":\"https:\/\/www.rob-minigolf-solutions.nl\/de\/home\/\"},{\"@type\":\"ListItem\",\"position\":2,\"name\":\"Allgemeine Gesch\u00e4ftsbedingungen\"}]},{\"@type\":\"WebSite\",\"@id\":\"https:\/\/www.rob-minigolf-solutions.nl\/de\/#website\",\"url\":\"https:\/\/www.rob-minigolf-solutions.nl\/de\/\",\"name\":\"ROB Minigolf Solutions\",\"description\":\"Wer ist nicht damit aufgewachsen?\",\"publisher\":{\"@id\":\"https:\/\/www.rob-minigolf-solutions.nl\/de\/#organization\"},\"potentialAction\":[{\"@type\":\"SearchAction\",\"target\":{\"@type\":\"EntryPoint\",\"urlTemplate\":\"https:\/\/www.rob-minigolf-solutions.nl\/de\/?s={search_term_string}\"},\"query-input\":{\"@type\":\"PropertyValueSpecification\",\"valueRequired\":true,\"valueName\":\"search_term_string\"}}],\"inLanguage\":\"de\"},{\"@type\":\"Organization\",\"@id\":\"https:\/\/www.rob-minigolf-solutions.nl\/de\/#organization\",\"name\":\"ROB Minigolf Solutions\",\"url\":\"https:\/\/www.rob-minigolf-solutions.nl\/de\/\",\"logo\":{\"@type\":\"ImageObject\",\"inLanguage\":\"de\",\"@id\":\"https:\/\/www.rob-minigolf-solutions.nl\/de\/#\/schema\/logo\/image\/\",\"url\":\"https:\/\/www.rob-minigolf-solutions.nl\/wp-content\/uploads\/2022\/02\/cropped-ROB-WP-logo.png\",\"contentUrl\":\"https:\/\/www.rob-minigolf-solutions.nl\/wp-content\/uploads\/2022\/02\/cropped-ROB-WP-logo.png\",\"width\":350,\"height\":100,\"caption\":\"ROB Minigolf Solutions\"},\"image\":{\"@id\":\"https:\/\/www.rob-minigolf-solutions.nl\/de\/#\/schema\/logo\/image\/\"}}]}<\/script>\n<!-- \/ Yoast SEO plugin. -->","yoast_head_json":{"title":"Allgemeine Gesch\u00e4ftsbedingungen - ROB Minigolf Solutions","robots":{"index":"index","follow":"follow","max-snippet":"max-snippet:-1","max-image-preview":"max-image-preview:large","max-video-preview":"max-video-preview:-1"},"canonical":"https:\/\/www.rob-minigolf-solutions.nl\/de\/allgemeine-geschaeftsbedingungen\/","og_locale":"de_DE","og_type":"article","og_title":"Allgemeine Gesch\u00e4ftsbedingungen - ROB Minigolf Solutions","og_description":"R.O.B. Experience Leisure B.V.Steenstraat 1535521 KS EerselHandelsregisternummer 99225131Umsatzsteuer-Identifikationsnummer 868879150info@rob-experience-leisure.nl Allgemeine Gesch\u00e4ftsbedingungen R.O.B. experience leisure Artikel 1: Geltungsbereich 1.1 Diese Bedingungen gelten f\u00fcr alle Angebote, die R.O.B. experience leisure unterbreitet, und f\u00fcr alle Vertr\u00e4ge, die sie abschlie\u00dft. 1.2 R.O.B. experience leisure wird als Auftragnehmer bezeichnet. Die Gegenpartei wird als Auftraggeber bezeichnet. Artikel 2: Angebote und Preise [&hellip;]","og_url":"https:\/\/www.rob-minigolf-solutions.nl\/de\/allgemeine-geschaeftsbedingungen\/","og_site_name":"ROB Minigolf Solutions","article_modified_time":"2026-01-22T11:37:24+00:00","twitter_card":"summary_large_image","twitter_misc":{"Gesch\u00e4tzte Lesezeit":"7\u00a0Minuten"},"schema":{"@context":"https:\/\/schema.org","@graph":[{"@type":"WebPage","@id":"https:\/\/www.rob-minigolf-solutions.nl\/de\/allgemeine-geschaeftsbedingungen\/","url":"https:\/\/www.rob-minigolf-solutions.nl\/de\/allgemeine-geschaeftsbedingungen\/","name":"Allgemeine Gesch\u00e4ftsbedingungen - ROB Minigolf Solutions","isPartOf":{"@id":"https:\/\/www.rob-minigolf-solutions.nl\/de\/#website"},"datePublished":"2022-02-10T14:02:12+00:00","dateModified":"2026-01-22T11:37:24+00:00","breadcrumb":{"@id":"https:\/\/www.rob-minigolf-solutions.nl\/de\/allgemeine-geschaeftsbedingungen\/#breadcrumb"},"inLanguage":"de","potentialAction":[{"@type":"ReadAction","target":["https:\/\/www.rob-minigolf-solutions.nl\/de\/allgemeine-geschaeftsbedingungen\/"]}]},{"@type":"BreadcrumbList","@id":"https:\/\/www.rob-minigolf-solutions.nl\/de\/allgemeine-geschaeftsbedingungen\/#breadcrumb","itemListElement":[{"@type":"ListItem","position":1,"name":"Startseite","item":"https:\/\/www.rob-minigolf-solutions.nl\/de\/home\/"},{"@type":"ListItem","position":2,"name":"Allgemeine Gesch\u00e4ftsbedingungen"}]},{"@type":"WebSite","@id":"https:\/\/www.rob-minigolf-solutions.nl\/de\/#website","url":"https:\/\/www.rob-minigolf-solutions.nl\/de\/","name":"ROB Minigolf Solutions","description":"Wer ist nicht damit aufgewachsen?","publisher":{"@id":"https:\/\/www.rob-minigolf-solutions.nl\/de\/#organization"},"potentialAction":[{"@type":"SearchAction","target":{"@type":"EntryPoint","urlTemplate":"https:\/\/www.rob-minigolf-solutions.nl\/de\/?s={search_term_string}"},"query-input":{"@type":"PropertyValueSpecification","valueRequired":true,"valueName":"search_term_string"}}],"inLanguage":"de"},{"@type":"Organization","@id":"https:\/\/www.rob-minigolf-solutions.nl\/de\/#organization","name":"ROB Minigolf Solutions","url":"https:\/\/www.rob-minigolf-solutions.nl\/de\/","logo":{"@type":"ImageObject","inLanguage":"de","@id":"https:\/\/www.rob-minigolf-solutions.nl\/de\/#\/schema\/logo\/image\/","url":"https:\/\/www.rob-minigolf-solutions.nl\/wp-content\/uploads\/2022\/02\/cropped-ROB-WP-logo.png","contentUrl":"https:\/\/www.rob-minigolf-solutions.nl\/wp-content\/uploads\/2022\/02\/cropped-ROB-WP-logo.png","width":350,"height":100,"caption":"ROB Minigolf Solutions"},"image":{"@id":"https:\/\/www.rob-minigolf-solutions.nl\/de\/#\/schema\/logo\/image\/"}}]}},"_links":{"self":[{"href":"https:\/\/www.rob-minigolf-solutions.nl\/de\/wp-json\/wp\/v2\/pages\/6174","targetHints":{"allow":["GET"]}}],"collection":[{"href":"https:\/\/www.rob-minigolf-solutions.nl\/de\/wp-json\/wp\/v2\/pages"}],"about":[{"href":"https:\/\/www.rob-minigolf-solutions.nl\/de\/wp-json\/wp\/v2\/types\/page"}],"author":[{"embeddable":true,"href":"https:\/\/www.rob-minigolf-solutions.nl\/de\/wp-json\/wp\/v2\/users\/1"}],"replies":[{"embeddable":true,"href":"https:\/\/www.rob-minigolf-solutions.nl\/de\/wp-json\/wp\/v2\/comments?post=6174"}],"version-history":[{"count":2,"href":"https:\/\/www.rob-minigolf-solutions.nl\/de\/wp-json\/wp\/v2\/pages\/6174\/revisions"}],"predecessor-version":[{"id":6449,"href":"https:\/\/www.rob-minigolf-solutions.nl\/de\/wp-json\/wp\/v2\/pages\/6174\/revisions\/6449"}],"wp:attachment":[{"href":"https:\/\/www.rob-minigolf-solutions.nl\/de\/wp-json\/wp\/v2\/media?parent=6174"}],"curies":[{"name":"wp","href":"https:\/\/api.w.org\/{rel}","templated":true}]}}