{"id":6172,"date":"2022-02-10T14:05:02","date_gmt":"2022-02-10T14:05:02","guid":{"rendered":"https:\/\/www.rob-minigolf-solutions.nl\/datenschutzerklaerung\/"},"modified":"2026-01-22T11:36:05","modified_gmt":"2026-01-22T11:36:05","slug":"datenschutzerklaerung","status":"publish","type":"page","link":"https:\/\/www.rob-minigolf-solutions.nl\/de\/datenschutzerklaerung\/","title":{"rendered":"Datenschutzerkl\u00e4rung"},"content":{"rendered":"\t\t<div data-elementor-type=\"wp-page\" data-elementor-id=\"6172\" class=\"elementor elementor-6172 elementor-1681\" data-elementor-post-type=\"page\">\n\t\t\t\t\t\t<section class=\"elementor-section elementor-top-section elementor-element elementor-element-a2574de elementor-section-boxed elementor-section-height-default elementor-section-height-default\" data-id=\"a2574de\" data-element_type=\"section\" data-settings=\"{&quot;jet_parallax_layout_list&quot;:[]}\">\n\t\t\t\t\t\t<div class=\"elementor-container elementor-column-gap-default\">\n\t\t\t\t\t<div class=\"elementor-column elementor-col-100 elementor-top-column elementor-element elementor-element-39d5ff1\" data-id=\"39d5ff1\" data-element_type=\"column\">\n\t\t\t<div class=\"elementor-widget-wrap elementor-element-populated\">\n\t\t\t\t\t\t<section class=\"elementor-section elementor-inner-section elementor-element elementor-element-2614311 elementor-section-boxed elementor-section-height-default elementor-section-height-default\" data-id=\"2614311\" data-element_type=\"section\" data-settings=\"{&quot;jet_parallax_layout_list&quot;:[]}\">\n\t\t\t\t\t\t<div class=\"elementor-container elementor-column-gap-default\">\n\t\t\t\t\t<div class=\"elementor-column elementor-col-50 elementor-inner-column elementor-element elementor-element-d738a99\" data-id=\"d738a99\" data-element_type=\"column\" data-settings=\"{&quot;background_background&quot;:&quot;classic&quot;}\">\n\t\t\t<div class=\"elementor-widget-wrap elementor-element-populated\">\n\t\t\t\t\t<div class=\"elementor-background-overlay\"><\/div>\n\t\t\t\t\t\t\t<\/div>\n\t\t<\/div>\n\t\t\t\t<div class=\"elementor-column elementor-col-50 elementor-inner-column elementor-element elementor-element-c2561c6\" data-id=\"c2561c6\" data-element_type=\"column\">\n\t\t\t<div class=\"elementor-widget-wrap elementor-element-populated\">\n\t\t\t\t\t\t<div class=\"elementor-element elementor-element-4644e5b elementor-widget elementor-widget-text-editor\" data-id=\"4644e5b\" data-element_type=\"widget\" data-widget_type=\"text-editor.default\">\n\t\t\t\t<div class=\"elementor-widget-container\">\n\t\t\t\t\t\t\t\t\t<p>R.O.B. Experience Leisure B.V.<br>Steenstraat 153<br>5521 KS Eersel<br>Handelsregisternummer 99225131<br>Umsatzsteuer-Identifikationsnummer 868879150<br>info@rob-experience-leisure.nl<\/p>\t\t\t\t\t\t\t\t<\/div>\n\t\t\t\t<\/div>\n\t\t\t\t\t<\/div>\n\t\t<\/div>\n\t\t\t\t\t<\/div>\n\t\t<\/section>\n\t\t\t\t<div class=\"elementor-element elementor-element-1e1514e elementor-widget-divider--view-line elementor-widget elementor-widget-divider\" data-id=\"1e1514e\" data-element_type=\"widget\" data-widget_type=\"divider.default\">\n\t\t\t\t<div class=\"elementor-widget-container\">\n\t\t\t\t\t\t\t<div class=\"elementor-divider\">\n\t\t\t<span class=\"elementor-divider-separator\">\n\t\t\t\t\t\t<\/span>\n\t\t<\/div>\n\t\t\t\t\t\t<\/div>\n\t\t\t\t<\/div>\n\t\t\t\t\t<\/div>\n\t\t<\/div>\n\t\t\t\t\t<\/div>\n\t\t<\/section>\n\t\t\t\t<section class=\"elementor-section elementor-top-section elementor-element elementor-element-6a4f650 elementor-section-boxed elementor-section-height-default elementor-section-height-default\" data-id=\"6a4f650\" data-element_type=\"section\" data-settings=\"{&quot;jet_parallax_layout_list&quot;:[]}\">\n\t\t\t\t\t\t<div class=\"elementor-container elementor-column-gap-default\">\n\t\t\t\t\t<div class=\"elementor-column elementor-col-100 elementor-top-column elementor-element elementor-element-9f0add4\" data-id=\"9f0add4\" data-element_type=\"column\">\n\t\t\t<div class=\"elementor-widget-wrap elementor-element-populated\">\n\t\t\t\t\t\t<div class=\"elementor-element elementor-element-cc210e2 elementor-widget elementor-widget-text-editor\" data-id=\"cc210e2\" data-element_type=\"widget\" data-widget_type=\"text-editor.default\">\n\t\t\t\t<div class=\"elementor-widget-container\">\n\t\t\t\t\t\t\t\t\t<div class=\"page\" title=\"Seite 1\"><div class=\"layoutArea\"><div class=\"column\"><p><strong>Warum diese Datenschutzerkl\u00e4rung?<\/strong><\/p><p>Die Datenschutz-Grundverordnung (DSGVO) legt fest, welche Regeln R.O.B. Experience Leisure bei der Verarbeitung personenbezogener Daten einhalten muss. Da Sie personenbezogene Daten mit R.O.B. Experience Leisure teilen, wenn Sie Kunde sind, Kontakt aufnehmen und ein Angebot oder Informationen anfordern, informiert R.O.B. Experience Leisure Sie in dieser Datenschutzerkl\u00e4rung dar\u00fcber, wie wir mit Ihren personenbezogenen Daten umgehen. <\/p><p>Personenbezogene Daten, die R.O.B. Experience Leisure verarbeitet<\/p><p>R.O.B. Experience Leisure verarbeitet nur die folgenden personenbezogenen Daten:<\/p><ul><li><p>\u2212 Vor- und Nachname<\/p><\/li><li><p>\u2212 Adressdaten<\/p><\/li><li><p>\u2212 Telefonnummer<\/p><\/li><li><p>\u2212 E-Mail-Adresse<\/p><\/li><li><p>\u2212 Bankkontonummer<\/p><\/li><li><p>\u2212 Gegebenenfalls weitere Daten, die Sie freiwillig angeben<\/p><p>Besondere und\/oder sensible personenbezogene Daten, die wir verarbeiten<\/p><p>R.O.B. Experience Leisure verarbeitet niemals sensible Daten, die im Zusammenhang mit Gesundheit, religi\u00f6sen \u00dcberzeugungen, politischen oder philosophischen Ansichten, sexueller Orientierung oder ethnischer Herkunft stehen. Des Weiteren beabsichtigt R.O.B. Experience Leisure nicht, Daten von Personen unter 16 Jahren zu sammeln, es sei denn, sie haben die Zustimmung ihrer Eltern oder Erziehungsberechtigten. <\/p><p>Zu welchem Zweck verarbeitet R.O.B. Experience Leisure personenbezogene Daten?<\/p><p>R.O.B. Experience Leisure verarbeitet die oben genannten personenbezogenen Daten, um:<\/p><\/li><\/ul><ul><li><p>\u2212 Sie anrufen oder per E-Mail kontaktieren zu k\u00f6nnen, um ein Angebot zu unterbreiten oder einen Termin zu vereinbaren<\/p><\/li><li><p>\u2212 Einen Kaufvertrag abzuschlie\u00dfen<\/p><\/li><li><p>\u2212 Waren an Sie zu liefern<\/p><\/li><li><p>\u2212 Rechnungen zu versenden und Zahlungen zu verarbeiten<\/p><\/li><li><p>\u2212 Einer gesetzlichen Verpflichtung nachzukommen, wie z.B. der Steuererkl\u00e4rung<\/p><p>R.O.B. Experience Leisure verwendet Ihre personenbezogenen Daten \u00fcbrigens nicht f\u00fcr Marketingaktivit\u00e4ten, es sei denn, Sie haben dem zuvor ausdr\u00fccklich zugestimmt.<\/p><p>Wie lange speichert R.O.B. Experience Leisure personenbezogene Daten?<\/p><p>R.O.B. Experience Leisure speichert Ihre personenbezogenen Daten nicht l\u00e4nger als unbedingt notwendig. Zur Veranschaulichung: <\/p><\/li><\/ul><ul><li><p>Ihre Daten werden nicht l\u00e4nger als ein Jahr gespeichert, wenn Sie kein Kunde werden.<\/p><\/li><li><p>Werden Sie jedoch Kunde, werden personenbezogene Daten so lange gespeichert, wie es f\u00fcr die<\/p><p>Erf\u00fcllung des Vertrages notwendig ist.<\/p><\/li><li><p>Nach Beendigung des Vertrages werden personenbezogene Daten noch f\u00fcnf Jahre lang gespeichert.<\/p><\/li><\/ul><\/div><\/div><\/div><div class=\"page\" title=\"Seite 2\"><div class=\"layoutArea\"><div class=\"column\"><p>\u2022 Finanzdaten werden sieben Jahre lang gespeichert, da dies gesetzlich vorgeschrieben ist.<\/p><\/div><\/div><div class=\"layoutArea\"><div class=\"column\"><p>Weitergabe personenbezogener Daten an Dritte<\/p><p>Ohne Ihre Zustimmung gibt R.O.B. Experience Leisure Ihre personenbezogenen Daten nur dann an Dritte weiter, wenn dies zur ordnungsgem\u00e4\u00dfen Erf\u00fcllung unserer Aufgaben notwendig oder gesetzlich vorgeschrieben ist. Zu diesen Dritten geh\u00f6ren beispielsweise der Buchhalter und Subunternehmer. Soweit dies gem\u00e4\u00df der DSGVO erforderlich ist, schlie\u00dft R.O.B. Experience Leisure Auftragsverarbeitungsvertr\u00e4ge mit diesen Dritten ab.  <\/p><p>R.O.B. Experience Leisure nutzt Social-Media-Tools von au\u00dferhalb der EU, wie Facebook und LinkedIn, und verwendet Adwords. Diese Parteien haben erkl\u00e4rt (siehe die Datenschutzerkl\u00e4rungen auf ihren Websites), dass sie personenbezogene Daten gem\u00e4\u00df den Regeln der DSGVO angemessen sch\u00fctzen. <\/p><p>Cookies<\/p><p>R.O.B. Experience Leisure verwendet die folgenden Cookies, sodass bei einem Besuch unserer Website um Zustimmung zur Platzierung von Cookies gebeten wird:<\/p><ul><li><p>Statistische Cookies, um zu verfolgen, wie Besucher die Website nutzen und dar\u00fcber<\/p><p>Berichte zu erhalten. R.O.B. Experience Leisure nutzt dabei den Dienst <\/p><p>Google Analytics.<\/p><\/li><li><p>Marketing-Cookies (Adwords) f\u00fcr kommerzielle und Werbezwecke.<\/p><p>Google Analytics<\/p><p>R.O.B. Experience Leisure nutzt Google Analytics. Diese Informationen werden, einschlie\u00dflich der IP-Adresse Ihres Computers, an Google \u00fcbermittelt und von Google auf Servern in den Vereinigten Staaten gespeichert. Lesen Sie die Datenschutzerkl\u00e4rung von Google und Google Analytics f\u00fcr weitere Informationen: https:\/\/policies.google.com\/?hl=nl.  <\/p><p>Daten einsehen, anpassen oder l\u00f6schen<\/p><p>Sie haben das Recht, Ihre personenbezogenen Daten einzusehen, zu korrigieren, zu l\u00f6schen und zu \u00fcbertragen. Sie k\u00f6nnen einen Antrag auf Einsicht, Korrektur, L\u00f6schung, Daten\u00fcbertragung, Widerruf Ihrer Zustimmung oder Widerspruch an info@rob-experience-leisure.nl senden. Sie m\u00fcssen sich bei einem solchen Antrag selbstverst\u00e4ndlich identifizieren, damit R.O.B. Experience Leisure sicherstellen kann, dass der Antrag auf Einsicht von Ihnen gestellt wurde. Wir werden so schnell wie m\u00f6glich, jedoch innerhalb von vier Wochen, auf Ihren Antrag reagieren.   <\/p><p>Sicherung Ihrer personenbezogenen Daten<\/p><p>R.O.B. Experience Leisure nimmt den Schutz Ihrer Daten ernst. R.O.B. Experience Leisure hat technische und organisatorische Ma\u00dfnahmen getroffen, um sicherzustellen, dass Ihre personenbezogenen Daten nicht in falsche H\u00e4nde geraten. Wenn Sie den Eindruck haben, dass Ihre Daten nicht ordnungsgem\u00e4\u00df gesichert sind oder Anzeichen von Missbrauch vorliegen, oder wenn Sie weitere Informationen zur Sicherheit der von R.O.B. Experience Leisure gesammelten personenbezogenen Daten w\u00fcnschen, kontaktieren Sie R.O.B. Experience Leisure unter info@rob-experience-leisure.nl.  <\/p><p>Beschwerde \u00fcber die Verarbeitung Ihrer personenbezogenen Daten<\/p><p>Sollten Sie eine Beschwerde bez\u00fcglich der Verarbeitung Ihrer personenbezogenen Daten durch R.O.B. Experience Leisure haben, so gibt Ihnen die DSGVO das Recht, eine Beschwerde bei der niederl\u00e4ndischen Datenschutzbeh\u00f6rde (Autoriteit Persoonsgegevens) einzureichen. Sie k\u00f6nnen hierf\u00fcr Kontakt mit der niederl\u00e4ndischen Datenschutzbeh\u00f6rde aufnehmen. Dies ist \u00fcber den folgenden Link m\u00f6glich: https:\/\/autoriteitpersoonsgegevens.nl\/nl\/contact-met-de-autoriteit-persoonsgegevens\/tip-ons  <\/p><\/li><\/ul><\/div><\/div><\/div>\t\t\t\t\t\t\t\t<\/div>\n\t\t\t\t<\/div>\n\t\t\t\t\t<\/div>\n\t\t<\/div>\n\t\t\t\t\t<\/div>\n\t\t<\/section>\n\t\t\t\t<\/div>\n\t\t","protected":false},"excerpt":{"rendered":"<p>R.O.B. Experience Leisure B.V.Steenstraat 1535521 KS EerselHandelsregisternummer 99225131Umsatzsteuer-Identifikationsnummer 868879150info@rob-experience-leisure.nl Warum diese Datenschutzerkl\u00e4rung? Die Datenschutz-Grundverordnung (DSGVO) legt fest, welche Regeln R.O.B. Experience Leisure bei der Verarbeitung personenbezogener Daten einhalten muss. Da Sie personenbezogene Daten mit R.O.B. Experience Leisure teilen, wenn Sie Kunde sind, Kontakt aufnehmen und ein Angebot oder Informationen anfordern, informiert R.O.B. Experience Leisure Sie [&hellip;]<\/p>\n","protected":false},"author":1,"featured_media":0,"parent":0,"menu_order":0,"comment_status":"closed","ping_status":"closed","template":"","meta":{"footnotes":""},"class_list":["post-6172","page","type-page","status-publish","hentry"],"yoast_head":"<!-- This site is optimized with the Yoast SEO plugin v26.6 - https:\/\/yoast.com\/wordpress\/plugins\/seo\/ -->\n<title>Datenschutzerkl\u00e4rung - ROB Minigolf Solutions<\/title>\n<meta name=\"robots\" content=\"index, follow, max-snippet:-1, max-image-preview:large, max-video-preview:-1\" \/>\n<link rel=\"canonical\" href=\"https:\/\/www.rob-minigolf-solutions.nl\/de\/datenschutzerklaerung\/\" \/>\n<meta property=\"og:locale\" content=\"de_DE\" \/>\n<meta property=\"og:type\" content=\"article\" \/>\n<meta property=\"og:title\" content=\"Datenschutzerkl\u00e4rung - ROB Minigolf Solutions\" \/>\n<meta property=\"og:description\" content=\"R.O.B. Experience Leisure B.V.Steenstraat 1535521 KS EerselHandelsregisternummer 99225131Umsatzsteuer-Identifikationsnummer 868879150info@rob-experience-leisure.nl Warum diese Datenschutzerkl\u00e4rung? Die Datenschutz-Grundverordnung (DSGVO) legt fest, welche Regeln R.O.B. Experience Leisure bei der Verarbeitung personenbezogener Daten einhalten muss. Da Sie personenbezogene Daten mit R.O.B. Experience Leisure teilen, wenn Sie Kunde sind, Kontakt aufnehmen und ein Angebot oder Informationen anfordern, informiert R.O.B. Experience Leisure Sie [&hellip;]\" \/>\n<meta property=\"og:url\" content=\"https:\/\/www.rob-minigolf-solutions.nl\/de\/datenschutzerklaerung\/\" \/>\n<meta property=\"og:site_name\" content=\"ROB Minigolf Solutions\" \/>\n<meta property=\"article:modified_time\" content=\"2026-01-22T11:36:05+00:00\" \/>\n<meta name=\"twitter:card\" content=\"summary_large_image\" \/>\n<meta name=\"twitter:label1\" content=\"Gesch\u00e4tzte Lesezeit\" \/>\n\t<meta name=\"twitter:data1\" content=\"4\u00a0Minuten\" \/>\n<script type=\"application\/ld+json\" class=\"yoast-schema-graph\">{\"@context\":\"https:\/\/schema.org\",\"@graph\":[{\"@type\":\"WebPage\",\"@id\":\"https:\/\/www.rob-minigolf-solutions.nl\/de\/datenschutzerklaerung\/\",\"url\":\"https:\/\/www.rob-minigolf-solutions.nl\/de\/datenschutzerklaerung\/\",\"name\":\"Datenschutzerkl\u00e4rung - ROB Minigolf Solutions\",\"isPartOf\":{\"@id\":\"https:\/\/www.rob-minigolf-solutions.nl\/de\/#website\"},\"datePublished\":\"2022-02-10T14:05:02+00:00\",\"dateModified\":\"2026-01-22T11:36:05+00:00\",\"breadcrumb\":{\"@id\":\"https:\/\/www.rob-minigolf-solutions.nl\/de\/datenschutzerklaerung\/#breadcrumb\"},\"inLanguage\":\"de\",\"potentialAction\":[{\"@type\":\"ReadAction\",\"target\":[\"https:\/\/www.rob-minigolf-solutions.nl\/de\/datenschutzerklaerung\/\"]}]},{\"@type\":\"BreadcrumbList\",\"@id\":\"https:\/\/www.rob-minigolf-solutions.nl\/de\/datenschutzerklaerung\/#breadcrumb\",\"itemListElement\":[{\"@type\":\"ListItem\",\"position\":1,\"name\":\"Startseite\",\"item\":\"https:\/\/www.rob-minigolf-solutions.nl\/de\/home\/\"},{\"@type\":\"ListItem\",\"position\":2,\"name\":\"Datenschutzerkl\u00e4rung\"}]},{\"@type\":\"WebSite\",\"@id\":\"https:\/\/www.rob-minigolf-solutions.nl\/de\/#website\",\"url\":\"https:\/\/www.rob-minigolf-solutions.nl\/de\/\",\"name\":\"ROB Minigolf Solutions\",\"description\":\"Wer ist nicht damit aufgewachsen?\",\"publisher\":{\"@id\":\"https:\/\/www.rob-minigolf-solutions.nl\/de\/#organization\"},\"potentialAction\":[{\"@type\":\"SearchAction\",\"target\":{\"@type\":\"EntryPoint\",\"urlTemplate\":\"https:\/\/www.rob-minigolf-solutions.nl\/de\/?s={search_term_string}\"},\"query-input\":{\"@type\":\"PropertyValueSpecification\",\"valueRequired\":true,\"valueName\":\"search_term_string\"}}],\"inLanguage\":\"de\"},{\"@type\":\"Organization\",\"@id\":\"https:\/\/www.rob-minigolf-solutions.nl\/de\/#organization\",\"name\":\"ROB Minigolf Solutions\",\"url\":\"https:\/\/www.rob-minigolf-solutions.nl\/de\/\",\"logo\":{\"@type\":\"ImageObject\",\"inLanguage\":\"de\",\"@id\":\"https:\/\/www.rob-minigolf-solutions.nl\/de\/#\/schema\/logo\/image\/\",\"url\":\"https:\/\/www.rob-minigolf-solutions.nl\/wp-content\/uploads\/2022\/02\/cropped-ROB-WP-logo.png\",\"contentUrl\":\"https:\/\/www.rob-minigolf-solutions.nl\/wp-content\/uploads\/2022\/02\/cropped-ROB-WP-logo.png\",\"width\":350,\"height\":100,\"caption\":\"ROB Minigolf Solutions\"},\"image\":{\"@id\":\"https:\/\/www.rob-minigolf-solutions.nl\/de\/#\/schema\/logo\/image\/\"}}]}<\/script>\n<!-- \/ Yoast SEO plugin. -->","yoast_head_json":{"title":"Datenschutzerkl\u00e4rung - ROB Minigolf Solutions","robots":{"index":"index","follow":"follow","max-snippet":"max-snippet:-1","max-image-preview":"max-image-preview:large","max-video-preview":"max-video-preview:-1"},"canonical":"https:\/\/www.rob-minigolf-solutions.nl\/de\/datenschutzerklaerung\/","og_locale":"de_DE","og_type":"article","og_title":"Datenschutzerkl\u00e4rung - ROB Minigolf Solutions","og_description":"R.O.B. Experience Leisure B.V.Steenstraat 1535521 KS EerselHandelsregisternummer 99225131Umsatzsteuer-Identifikationsnummer 868879150info@rob-experience-leisure.nl Warum diese Datenschutzerkl\u00e4rung? Die Datenschutz-Grundverordnung (DSGVO) legt fest, welche Regeln R.O.B. Experience Leisure bei der Verarbeitung personenbezogener Daten einhalten muss. Da Sie personenbezogene Daten mit R.O.B. Experience Leisure teilen, wenn Sie Kunde sind, Kontakt aufnehmen und ein Angebot oder Informationen anfordern, informiert R.O.B. Experience Leisure Sie [&hellip;]","og_url":"https:\/\/www.rob-minigolf-solutions.nl\/de\/datenschutzerklaerung\/","og_site_name":"ROB Minigolf Solutions","article_modified_time":"2026-01-22T11:36:05+00:00","twitter_card":"summary_large_image","twitter_misc":{"Gesch\u00e4tzte Lesezeit":"4\u00a0Minuten"},"schema":{"@context":"https:\/\/schema.org","@graph":[{"@type":"WebPage","@id":"https:\/\/www.rob-minigolf-solutions.nl\/de\/datenschutzerklaerung\/","url":"https:\/\/www.rob-minigolf-solutions.nl\/de\/datenschutzerklaerung\/","name":"Datenschutzerkl\u00e4rung - ROB Minigolf Solutions","isPartOf":{"@id":"https:\/\/www.rob-minigolf-solutions.nl\/de\/#website"},"datePublished":"2022-02-10T14:05:02+00:00","dateModified":"2026-01-22T11:36:05+00:00","breadcrumb":{"@id":"https:\/\/www.rob-minigolf-solutions.nl\/de\/datenschutzerklaerung\/#breadcrumb"},"inLanguage":"de","potentialAction":[{"@type":"ReadAction","target":["https:\/\/www.rob-minigolf-solutions.nl\/de\/datenschutzerklaerung\/"]}]},{"@type":"BreadcrumbList","@id":"https:\/\/www.rob-minigolf-solutions.nl\/de\/datenschutzerklaerung\/#breadcrumb","itemListElement":[{"@type":"ListItem","position":1,"name":"Startseite","item":"https:\/\/www.rob-minigolf-solutions.nl\/de\/home\/"},{"@type":"ListItem","position":2,"name":"Datenschutzerkl\u00e4rung"}]},{"@type":"WebSite","@id":"https:\/\/www.rob-minigolf-solutions.nl\/de\/#website","url":"https:\/\/www.rob-minigolf-solutions.nl\/de\/","name":"ROB Minigolf Solutions","description":"Wer ist nicht damit aufgewachsen?","publisher":{"@id":"https:\/\/www.rob-minigolf-solutions.nl\/de\/#organization"},"potentialAction":[{"@type":"SearchAction","target":{"@type":"EntryPoint","urlTemplate":"https:\/\/www.rob-minigolf-solutions.nl\/de\/?s={search_term_string}"},"query-input":{"@type":"PropertyValueSpecification","valueRequired":true,"valueName":"search_term_string"}}],"inLanguage":"de"},{"@type":"Organization","@id":"https:\/\/www.rob-minigolf-solutions.nl\/de\/#organization","name":"ROB Minigolf Solutions","url":"https:\/\/www.rob-minigolf-solutions.nl\/de\/","logo":{"@type":"ImageObject","inLanguage":"de","@id":"https:\/\/www.rob-minigolf-solutions.nl\/de\/#\/schema\/logo\/image\/","url":"https:\/\/www.rob-minigolf-solutions.nl\/wp-content\/uploads\/2022\/02\/cropped-ROB-WP-logo.png","contentUrl":"https:\/\/www.rob-minigolf-solutions.nl\/wp-content\/uploads\/2022\/02\/cropped-ROB-WP-logo.png","width":350,"height":100,"caption":"ROB Minigolf Solutions"},"image":{"@id":"https:\/\/www.rob-minigolf-solutions.nl\/de\/#\/schema\/logo\/image\/"}}]}},"_links":{"self":[{"href":"https:\/\/www.rob-minigolf-solutions.nl\/de\/wp-json\/wp\/v2\/pages\/6172","targetHints":{"allow":["GET"]}}],"collection":[{"href":"https:\/\/www.rob-minigolf-solutions.nl\/de\/wp-json\/wp\/v2\/pages"}],"about":[{"href":"https:\/\/www.rob-minigolf-solutions.nl\/de\/wp-json\/wp\/v2\/types\/page"}],"author":[{"embeddable":true,"href":"https:\/\/www.rob-minigolf-solutions.nl\/de\/wp-json\/wp\/v2\/users\/1"}],"replies":[{"embeddable":true,"href":"https:\/\/www.rob-minigolf-solutions.nl\/de\/wp-json\/wp\/v2\/comments?post=6172"}],"version-history":[{"count":4,"href":"https:\/\/www.rob-minigolf-solutions.nl\/de\/wp-json\/wp\/v2\/pages\/6172\/revisions"}],"predecessor-version":[{"id":6445,"href":"https:\/\/www.rob-minigolf-solutions.nl\/de\/wp-json\/wp\/v2\/pages\/6172\/revisions\/6445"}],"wp:attachment":[{"href":"https:\/\/www.rob-minigolf-solutions.nl\/de\/wp-json\/wp\/v2\/media?parent=6172"}],"curies":[{"name":"wp","href":"https:\/\/api.w.org\/{rel}","templated":true}]}}